{"id":251,"date":"2024-03-21T22:04:49","date_gmt":"2024-03-22T02:04:49","guid":{"rendered":"https:\/\/wfcsolucioneselectronicas.com\/?post_type=product&#038;p=251"},"modified":"2025-09-17T22:30:09","modified_gmt":"2025-09-18T02:30:09","slug":"tarjeta-aire-acondicionado-midea-4-2-3-3","status":"publish","type":"product","link":"https:\/\/wfcsolucioneselectronicas.com\/index.php\/product\/tarjeta-aire-acondicionado-midea-4-2-3-3\/","title":{"rendered":"Display aire acondicionado TCL, iFFALCON, AIRMAX, AMERICAN,"},"content":{"rendered":"<p>*Nuevo \ud83c\udff7\ufe0f<\/p>\n<p>*Unidad Interior \ud83c\udf26\ufe0f<\/p>\n<p>*Compatible con otras marcas \ud83d\udd00<\/p>\n<p>American, Airmax, Royal, Etc..<\/p>\n<p>Cont\u00e1ctenos para saber m\u00e1s y recibir asesor\u00eda especializada para la soluci\u00f3n de su problema.<\/p>\n<p><a href=\"https:\/\/wa.me\/18092450142\">https:\/\/wa.me\/18092450142<\/a><\/p>\n<p>Lo ayudaremos a descasar sus noches!<\/p>\n","protected":false},"excerpt":{"rendered":"<p>*Nuevo \ud83c\udff7\ufe0f *Unidad Interior \ud83c\udf26\ufe0f *Compatible con otras marcas \ud83d\udd00 American, Airmax, Royal, Etc.. Cont\u00e1ctenos para saber m\u00e1s y recibir asesor\u00eda especializada para la soluci\u00f3n de su problema. https:\/\/wa.me\/18092450142 Lo ayudaremos a descasar sus noches!<\/p>\n","protected":false},"featured_media":253,"comment_status":"open","ping_status":"closed","template":"","meta":{"_monsterinsights_skip_tracking":false,"_monsterinsights_sitenote_active":false,"_monsterinsights_sitenote_note":"","_monsterinsights_sitenote_category":0},"product_brand":[],"product_cat":[25],"product_tag":[],"class_list":{"0":"post-251","1":"product","2":"type-product","3":"status-publish","4":"has-post-thumbnail","6":"product_cat-displays","8":"first","9":"instock","10":"sale","11":"sold-individually","12":"taxable","13":"shipping-taxable","14":"purchasable","15":"product-type-simple"},"aioseo_notices":[],"jetpack_sharing_enabled":true,"_links":{"self":[{"href":"https:\/\/wfcsolucioneselectronicas.com\/index.php\/wp-json\/wp\/v2\/product\/251","targetHints":{"allow":["GET"]}}],"collection":[{"href":"https:\/\/wfcsolucioneselectronicas.com\/index.php\/wp-json\/wp\/v2\/product"}],"about":[{"href":"https:\/\/wfcsolucioneselectronicas.com\/index.php\/wp-json\/wp\/v2\/types\/product"}],"replies":[{"embeddable":true,"href":"https:\/\/wfcsolucioneselectronicas.com\/index.php\/wp-json\/wp\/v2\/comments?post=251"}],"wp:featuredmedia":[{"embeddable":true,"href":"https:\/\/wfcsolucioneselectronicas.com\/index.php\/wp-json\/wp\/v2\/media\/253"}],"wp:attachment":[{"href":"https:\/\/wfcsolucioneselectronicas.com\/index.php\/wp-json\/wp\/v2\/media?parent=251"}],"wp:term":[{"taxonomy":"product_brand","embeddable":true,"href":"https:\/\/wfcsolucioneselectronicas.com\/index.php\/wp-json\/wp\/v2\/product_brand?post=251"},{"taxonomy":"product_cat","embeddable":true,"href":"https:\/\/wfcsolucioneselectronicas.com\/index.php\/wp-json\/wp\/v2\/product_cat?post=251"},{"taxonomy":"product_tag","embeddable":true,"href":"https:\/\/wfcsolucioneselectronicas.com\/index.php\/wp-json\/wp\/v2\/product_tag?post=251"}],"curies":[{"name":"wp","href":"https:\/\/api.w.org\/{rel}","templated":true}]}}