{"id":209,"date":"2024-03-21T19:26:10","date_gmt":"2024-03-21T18:26:10","guid":{"rendered":"https:\/\/wfcsolucioneselectronicas.com\/?post_type=product&#038;p=209"},"modified":"2025-09-19T19:04:44","modified_gmt":"2025-09-19T23:04:44","slug":"tarjeta-aire-acondicionado-midea-4-2-2","status":"publish","type":"product","link":"https:\/\/wfcsolucioneselectronicas.com\/index.php\/product\/tarjeta-aire-acondicionado-midea-4-2-2\/","title":{"rendered":"Sensores aire acondicionado Chico-Tecnomaster"},"content":{"rendered":"<p>*Nuevo \ud83c\udff7\ufe0f<\/p>\n<p>*Cabeza de Metal y Cabeza pl\u00e1stica<\/p>\n<p>*Unidad Exterior \ud83c\udf26\ufe0f<\/p>\n<p>*Compatible con otras marcas \ud83d\udd00<\/p>\n<p>Cont\u00e1ctenos para saber m\u00e1s y recibir asesor\u00eda especializada para la soluci\u00f3n de su problema.<\/p>\n<p><a href=\"https:\/\/wa.me\/18092450142\">https:\/\/wa.me\/18092450142<\/a><\/p>\n<p>Lo ayudaremos a descasar sus noches!<\/p>\n","protected":false},"excerpt":{"rendered":"<p>*Nuevo \ud83c\udff7\ufe0f *Cabeza de Metal y Cabeza pl\u00e1stica *Unidad Exterior \ud83c\udf26\ufe0f *Compatible con otras marcas \ud83d\udd00 Cont\u00e1ctenos para saber m\u00e1s y recibir asesor\u00eda especializada para la soluci\u00f3n de su problema. https:\/\/wa.me\/18092450142 Lo ayudaremos a descasar sus noches!<\/p>\n","protected":false},"featured_media":213,"comment_status":"open","ping_status":"closed","template":"","meta":{"_monsterinsights_skip_tracking":false,"_monsterinsights_sitenote_active":false,"_monsterinsights_sitenote_note":"","_monsterinsights_sitenote_category":0},"product_brand":[],"product_cat":[24],"product_tag":[],"class_list":{"0":"post-209","1":"product","2":"type-product","3":"status-publish","4":"has-post-thumbnail","6":"product_cat-sensores","8":"first","9":"instock","10":"sale","11":"sold-individually","12":"taxable","13":"shipping-taxable","14":"purchasable","15":"product-type-simple"},"aioseo_notices":[],"jetpack_sharing_enabled":true,"_links":{"self":[{"href":"https:\/\/wfcsolucioneselectronicas.com\/index.php\/wp-json\/wp\/v2\/product\/209","targetHints":{"allow":["GET"]}}],"collection":[{"href":"https:\/\/wfcsolucioneselectronicas.com\/index.php\/wp-json\/wp\/v2\/product"}],"about":[{"href":"https:\/\/wfcsolucioneselectronicas.com\/index.php\/wp-json\/wp\/v2\/types\/product"}],"replies":[{"embeddable":true,"href":"https:\/\/wfcsolucioneselectronicas.com\/index.php\/wp-json\/wp\/v2\/comments?post=209"}],"wp:featuredmedia":[{"embeddable":true,"href":"https:\/\/wfcsolucioneselectronicas.com\/index.php\/wp-json\/wp\/v2\/media\/213"}],"wp:attachment":[{"href":"https:\/\/wfcsolucioneselectronicas.com\/index.php\/wp-json\/wp\/v2\/media?parent=209"}],"wp:term":[{"taxonomy":"product_brand","embeddable":true,"href":"https:\/\/wfcsolucioneselectronicas.com\/index.php\/wp-json\/wp\/v2\/product_brand?post=209"},{"taxonomy":"product_cat","embeddable":true,"href":"https:\/\/wfcsolucioneselectronicas.com\/index.php\/wp-json\/wp\/v2\/product_cat?post=209"},{"taxonomy":"product_tag","embeddable":true,"href":"https:\/\/wfcsolucioneselectronicas.com\/index.php\/wp-json\/wp\/v2\/product_tag?post=209"}],"curies":[{"name":"wp","href":"https:\/\/api.w.org\/{rel}","templated":true}]}}