{"id":190,"date":"2024-03-21T18:43:23","date_gmt":"2024-03-21T17:43:23","guid":{"rendered":"https:\/\/wfcsolucioneselectronicas.com\/index.php\/product\/tarjeta-aire-acondicionado-midea\/"},"modified":"2025-11-05T15:48:08","modified_gmt":"2025-11-05T19:48:08","slug":"tarjeta-aire-acondicionado-midea","status":"publish","type":"product","link":"https:\/\/wfcsolucioneselectronicas.com\/index.php\/product\/tarjeta-aire-acondicionado-midea\/","title":{"rendered":"Tarjeta aire acondicionado Midea-Tgm"},"content":{"rendered":"<p>*Nueva \ud83c\udff7\ufe0f<\/p>\n<p>*Voltaje 110V\u26a1\ufe0f<\/p>\n<p>*Unidad Exterior\ud83c\udf26\ufe0f<\/p>\n<p>*Compatible con otras marcas \ud83d\udd00<\/p>\n<p>Cont\u00e1ctenos para saber m\u00e1s y recibir asesor\u00eda especializada para la soluci\u00f3n de su problema.<\/p>\n<p><a href=\"https:\/\/wa.me\/18092450142\">https:\/\/wa.me\/18092450142<\/a><\/p>\n<p>Lo ayudaremos a descasar sus noches!<\/p>\n","protected":false},"excerpt":{"rendered":"<p>*Nueva \ud83c\udff7\ufe0f *Voltaje 110V\u26a1\ufe0f *Unidad Exterior\ud83c\udf26\ufe0f *Compatible con otras marcas \ud83d\udd00 Cont\u00e1ctenos para saber m\u00e1s y recibir asesor\u00eda especializada para la soluci\u00f3n de su problema. https:\/\/wa.me\/18092450142 Lo ayudaremos a descasar sus noches!<\/p>\n","protected":false},"featured_media":189,"comment_status":"open","ping_status":"closed","template":"","meta":{"_monsterinsights_skip_tracking":false,"_monsterinsights_sitenote_active":false,"_monsterinsights_sitenote_note":"","_monsterinsights_sitenote_category":0},"product_brand":[],"product_cat":[23],"product_tag":[],"class_list":{"0":"post-190","1":"product","2":"type-product","3":"status-publish","4":"has-post-thumbnail","6":"product_cat-tarjetas-para-condensadores-inverters-","8":"first","9":"instock","10":"taxable","11":"shipping-taxable","12":"purchasable","13":"product-type-simple"},"aioseo_notices":[],"jetpack_sharing_enabled":true,"_links":{"self":[{"href":"https:\/\/wfcsolucioneselectronicas.com\/index.php\/wp-json\/wp\/v2\/product\/190","targetHints":{"allow":["GET"]}}],"collection":[{"href":"https:\/\/wfcsolucioneselectronicas.com\/index.php\/wp-json\/wp\/v2\/product"}],"about":[{"href":"https:\/\/wfcsolucioneselectronicas.com\/index.php\/wp-json\/wp\/v2\/types\/product"}],"replies":[{"embeddable":true,"href":"https:\/\/wfcsolucioneselectronicas.com\/index.php\/wp-json\/wp\/v2\/comments?post=190"}],"wp:featuredmedia":[{"embeddable":true,"href":"https:\/\/wfcsolucioneselectronicas.com\/index.php\/wp-json\/wp\/v2\/media\/189"}],"wp:attachment":[{"href":"https:\/\/wfcsolucioneselectronicas.com\/index.php\/wp-json\/wp\/v2\/media?parent=190"}],"wp:term":[{"taxonomy":"product_brand","embeddable":true,"href":"https:\/\/wfcsolucioneselectronicas.com\/index.php\/wp-json\/wp\/v2\/product_brand?post=190"},{"taxonomy":"product_cat","embeddable":true,"href":"https:\/\/wfcsolucioneselectronicas.com\/index.php\/wp-json\/wp\/v2\/product_cat?post=190"},{"taxonomy":"product_tag","embeddable":true,"href":"https:\/\/wfcsolucioneselectronicas.com\/index.php\/wp-json\/wp\/v2\/product_tag?post=190"}],"curies":[{"name":"wp","href":"https:\/\/api.w.org\/{rel}","templated":true}]}}